{"id":1004,"date":"2017-08-17T09:01:11","date_gmt":"2017-08-17T09:01:11","guid":{"rendered":"https:\/\/saphirabusiness.com\/home\/"},"modified":"2023-08-30T19:17:31","modified_gmt":"2023-08-30T19:17:31","slug":"home","status":"publish","type":"page","link":"https:\/\/saphirabusiness.com\/en\/","title":{"rendered":"Home"},"content":{"rendered":"<p>[et_pb_section fb_built=&#8221;1&#8243; fullwidth=&#8221;on&#8221; _builder_version=&#8221;4.21.0&#8243; _module_preset=&#8221;default&#8221; global_colors_info=&#8221;{}&#8221;][et_pb_fullwidth_slider arrows_custom_color=&#8221;#b7b7b7&#8243; dot_nav_custom_color=&#8221;#bfbfbf&#8221; _builder_version=&#8221;4.21.0&#8243; _module_preset=&#8221;default&#8221; header_text_align=&#8221;left&#8221; header_text_color=&#8221;#0b1437&#8243; body_text_align=&#8221;left&#8221; body_text_color=&#8221;#0b1437&#8243; text_orientation=&#8221;left&#8221; custom_css_slide_arrows=&#8221;font-size:80px;&#8221; global_colors_info=&#8221;{}&#8221;][et_pb_slide heading=&#8221;CONNECTING BUSINESSES&#8221; admin_title=&#8221;conectando negocios&#8221; content_tablet=&#8221;<\/p>\n<h3><span style=%22color: #0b1437; font-size: 40px; text-indent: 40px;%22>IDEIAS E PESSOAS<\/span><\/h3>\n<\/p>\n<p>Sua solu\u00e7\u00e3o inteligente para neg\u00f3cios<\/p>\n<p>&#8221; content_phone=&#8221;<\/p>\n<h3><span style=%22color: #0b1437; font-size: 32px;line-height: 0.9em; text-indent: 40px;%22>IDEAS AND PEOPLE<\/span><\/h3>\n<p>Your Smart Business Solution&#8221; content_last_edited=&#8221;on|phone&#8221; _builder_version=&#8221;4.21.0&#8243; _module_preset=&#8221;default&#8221; header_level=&#8221;h3&#8243; header_font=&#8221;|300||on|||||&#8221; header_font_size=&#8221;30px&#8221; header_line_height=&#8221;1.2em&#8221; background_enable_color=&#8221;off&#8221; background_image=&#8221;https:\/\/saphirabusiness.com\/wp-content\/uploads\/2023\/05\/conectando.jpg&#8221; background_enable_image=&#8221;on&#8221; header_font_size_tablet=&#8221;30px&#8221; header_font_size_phone=&#8221;24px&#8221; header_font_size_last_edited=&#8221;on|phone&#8221; global_colors_info=&#8221;{}&#8221; sticky_transition=&#8221;on&#8221;]<\/p>\n<h3><span style=\"color: #0b1437; font-size: 40px; text-indent: 40px;\">IDEAS AND PEOPLE<\/span><\/h3>\n<p>&nbsp;<\/p>\n<p>Intelligence for business<\/p>\n<p>[\/et_pb_slide][et_pb_slide heading=&#8221;WE CREATE A CULTURE&#8221; admin_title=&#8221;criando cultura&#8221; content_tablet=&#8221;<\/p>\n<h3><span style=%22color: #0b1437; font-size: 40px; text-indent: 40px;%22>QUE NOS INSPIRA A TRABALHAR<\/span><\/h3>\n<\/p>\n<p>Conectando neg\u00f3cios, ideias e pessoas<\/p>\n<p>&#8221; content_phone=&#8221;<\/p>\n<h3><span style=%22color: #0b1437; font-size: 30px; line-height: 1em;%22>THAT INSPIRES US TO WORK<\/span><\/h3>\n<p>Connecting businesses, ideas and people<\/p>\n<p>&#8221; content_last_edited=&#8221;on|desktop&#8221; _builder_version=&#8221;4.21.0&#8243; _module_preset=&#8221;default&#8221; header_level=&#8221;h3&#8243; header_font=&#8221;|300||on|||||&#8221; header_font_size=&#8221;30px&#8221; header_line_height=&#8221;1.2em&#8221; background_enable_color=&#8221;off&#8221; background_image=&#8221;https:\/\/saphirabusiness.com\/wp-content\/uploads\/2023\/05\/cultura.jpg&#8221; background_enable_image=&#8221;on&#8221; header_font_size_tablet=&#8221;30px&#8221; header_font_size_phone=&#8221;24px&#8221; header_font_size_last_edited=&#8221;on|phone&#8221; global_colors_info=&#8221;{}&#8221; sticky_transition=&#8221;on&#8221;]<\/p>\n<h3><span style=\"color: #0b1437; font-size: 40px; text-indent: 40px;\">THAT INSPIRES US TO WORK<\/span><\/h3>\n<p>&nbsp;<\/p>\n<p>[\/et_pb_slide][\/et_pb_fullwidth_slider][\/et_pb_section][et_pb_section fb_built=&#8221;1&#8243; _builder_version=&#8221;4.21.0&#8243; _module_preset=&#8221;default&#8221; global_colors_info=&#8221;{}&#8221;][et_pb_row column_structure=&#8221;2_5,3_5&#8243; _builder_version=&#8221;4.21.0&#8243; _module_preset=&#8221;default&#8221; global_colors_info=&#8221;{}&#8221;][et_pb_column type=&#8221;2_5&#8243; _builder_version=&#8221;4.21.0&#8243; _module_preset=&#8221;default&#8221; global_colors_info=&#8221;{}&#8221;][et_pb_code _builder_version=&#8221;4.21.0&#8243; _module_preset=&#8221;default&#8221; hover_enabled=&#8221;0&#8243; global_colors_info=&#8221;{}&#8221; sticky_enabled=&#8221;0&#8243;]<iframe loading=\"lazy\" width=\"560\" height=\"315\" src=\"https:\/\/www.youtube.com\/embed\/Cj8JNd9hr84?si=hPG29-SxB9GlnUpX\" title=\"YouTube video player\" frameborder=\"0\" allow=\"accelerometer; autoplay; clipboard-write; encrypted-media; gyroscope; picture-in-picture; web-share\" allowfullscreen><\/iframe>[\/et_pb_code][\/et_pb_column][et_pb_column type=&#8221;3_5&#8243; _builder_version=&#8221;4.21.0&#8243; _module_preset=&#8221;default&#8221; global_colors_info=&#8221;{}&#8221;][et_pb_text _builder_version=&#8221;4.21.0&#8243; _module_preset=&#8221;default&#8221; text_orientation_tablet=&#8221;&#8221; text_orientation_phone=&#8221;justified&#8221; text_orientation_last_edited=&#8221;on|phone&#8221; global_colors_info=&#8221;{}&#8221;]<\/p>\n<h2>About Us<\/h2>\n<p>SAPHIRA is an international group in a boutique format, with a high degree of confidentiality, focused on investments for business structuring and M&amp;A.<\/p>\n<p>With vast experience of senior professionals, SAPHIRA manages to unite the ends and shorten the distances among investors, opportunities and businesses.<\/p>\n<p>In the property area, SAPHIRA provides a personal and intimate service to clients who want to protect their assets with intelligence and structure, both in Brazil and abroad, whether for the present or for future generations.<\/p>\n<p>[\/et_pb_text][\/et_pb_column][\/et_pb_row][\/et_pb_section]<\/p>\n","protected":false},"excerpt":{"rendered":"<p>IDEAS AND PEOPLE &nbsp; Intelligence for businessTHAT INSPIRES US TO WORK &nbsp;About Us SAPHIRA is an international group in a boutique format, with a high degree of confidentiality, focused on investments for business structuring and M&amp;A. With vast experience of senior professionals, SAPHIRA manages to unite the ends and shorten the distances among investors, opportunities [&hellip;]<\/p>\n","protected":false},"author":2,"featured_media":1670,"parent":0,"menu_order":0,"comment_status":"closed","ping_status":"closed","template":"","meta":{"_et_pb_use_builder":"on","_et_pb_old_content":"[vc_row full_width=\"stretch_row_content_no_spaces\" ova_container=\"no\"][vc_column][ova_won_slideshow][ova_won_slideshow_item img=\"43\" title=\"connecting businesses\" heading=\"ideas and people\" desc=\"Your smart business solution\"][ova_won_slideshow_item title=\"We create a culture\" heading=\"WHAT INSPIRES US TO WORK\" desc=\"Connecting business, ideas and people\" img=\"715\"][\/ova_won_slideshow][\/vc_column][\/vc_row][vc_row css_animation=\"fadeIn\" css=\".vc_custom_1654968453231{margin-top: 110px !important;}\"][vc_column][ova_won_about class=\"text-justify\" heading_sub_title=\"About Us\" img=\"75\" img_popup=\"75\" desc=\"SAPHIRA is an international group in a boutique format, with a high degree of confidentiality, focused on investments for business structuring and M&A.With vast experience of a senior group of professionals, SAPHIRA manages to unite the ends and shorten the distances among investors, opportunities and businesses.\r\n\r\nIn the property area, SAPHIRA provides a personal and intimate service to clients who want to protect their assets with intelligence and structure, both in Brazil and abroad, whether for the present or for future generations.\" text_top=\"SAPHIRA \u00e9 ua\"][\/vc_column][\/vc_row]","_et_gb_content_width":"","footnotes":""},"class_list":["post-1004","page","type-page","status-publish","has-post-thumbnail","hentry"],"_links":{"self":[{"href":"https:\/\/saphirabusiness.com\/en\/wp-json\/wp\/v2\/pages\/1004","targetHints":{"allow":["GET"]}}],"collection":[{"href":"https:\/\/saphirabusiness.com\/en\/wp-json\/wp\/v2\/pages"}],"about":[{"href":"https:\/\/saphirabusiness.com\/en\/wp-json\/wp\/v2\/types\/page"}],"author":[{"embeddable":true,"href":"https:\/\/saphirabusiness.com\/en\/wp-json\/wp\/v2\/users\/2"}],"replies":[{"embeddable":true,"href":"https:\/\/saphirabusiness.com\/en\/wp-json\/wp\/v2\/comments?post=1004"}],"version-history":[{"count":11,"href":"https:\/\/saphirabusiness.com\/en\/wp-json\/wp\/v2\/pages\/1004\/revisions"}],"predecessor-version":[{"id":2254,"href":"https:\/\/saphirabusiness.com\/en\/wp-json\/wp\/v2\/pages\/1004\/revisions\/2254"}],"wp:featuredmedia":[{"embeddable":true,"href":"https:\/\/saphirabusiness.com\/en\/wp-json\/wp\/v2\/media\/1670"}],"wp:attachment":[{"href":"https:\/\/saphirabusiness.com\/en\/wp-json\/wp\/v2\/media?parent=1004"}],"curies":[{"name":"wp","href":"https:\/\/api.w.org\/{rel}","templated":true}]}}