{"id":1905,"date":"2017-08-17T09:01:11","date_gmt":"2017-08-17T09:01:11","guid":{"rendered":"https:\/\/saphirabusiness.com\/?page_id=1905"},"modified":"2023-08-30T19:20:46","modified_gmt":"2023-08-30T19:20:46","slug":"home","status":"publish","type":"page","link":"https:\/\/saphirabusiness.com\/fr\/","title":{"rendered":"Home"},"content":{"rendered":"<p>[et_pb_section fb_built=\u00a0\u00bb1&Prime; fullwidth=\u00a0\u00bbon\u00a0\u00bb _builder_version=\u00a0\u00bb4.21.0&Prime; _module_preset=\u00a0\u00bbdefault\u00a0\u00bb global_colors_info=\u00a0\u00bb{}\u00a0\u00bb][et_pb_fullwidth_slider arrows_custom_color=\u00a0\u00bb#b7b7b7&Prime; dot_nav_custom_color=\u00a0\u00bb#bfbfbf\u00a0\u00bb _builder_version=\u00a0\u00bb4.21.0&Prime; _module_preset=\u00a0\u00bbdefault\u00a0\u00bb header_text_align=\u00a0\u00bbleft\u00a0\u00bb header_text_color=\u00a0\u00bb#0b1437&Prime; body_text_align=\u00a0\u00bbleft\u00a0\u00bb body_text_color=\u00a0\u00bb#0b1437&Prime; text_orientation=\u00a0\u00bbleft\u00a0\u00bb auto=\u00a0\u00bbon\u00a0\u00bb custom_css_slide_arrows=\u00a0\u00bbfont-size:80px;\u00a0\u00bb global_colors_info=\u00a0\u00bb{}\u00a0\u00bb][et_pb_slide heading=\u00a0\u00bbUNE AFFAIRE DE CONNEXION\u00a0\u00bb admin_title=\u00a0\u00bbconectando negocios\u00a0\u00bb content_tablet=\u00a0\u00bb<\/p>\n<h3><span style=%22color: #0b1437; font-size: 40px; text-indent: 40px;%22>IDEIAS E PESSOAS<\/span><\/h3>\n<\/p>\n<p>Sua solu\u00e7\u00e3o inteligente para neg\u00f3cios<\/p>\n<p>\u00a0\u00bb content_phone=\u00a0\u00bb<\/p>\n<h3><span style=%22color: #0b1437; font-size: 32px;line-height: 0.9em; text-indent: 40px;%22>IDEAS AND PEOPLE<\/span><\/h3>\n<p>Your Smart Business Solution\u00a0\u00bb content_last_edited=\u00a0\u00bbon|phone\u00a0\u00bb _builder_version=\u00a0\u00bb4.21.0&Prime; _module_preset=\u00a0\u00bbdefault\u00a0\u00bb header_level=\u00a0\u00bbh3&Prime; header_font=\u00a0\u00bb|300||on|||||\u00a0\u00bb header_font_size=\u00a0\u00bb30px\u00a0\u00bb header_line_height=\u00a0\u00bb1.2em\u00a0\u00bb background_enable_color=\u00a0\u00bboff\u00a0\u00bb background_image=\u00a0\u00bbhttps:\/\/saphirabusiness.com\/wp-content\/uploads\/2023\/05\/conectando.jpg\u00a0\u00bb background_enable_image=\u00a0\u00bbon\u00a0\u00bb header_font_size_tablet=\u00a0\u00bb30px\u00a0\u00bb header_font_size_phone=\u00a0\u00bb24px\u00a0\u00bb header_font_size_last_edited=\u00a0\u00bbon|phone\u00a0\u00bb global_colors_info=\u00a0\u00bb{}\u00a0\u00bb sticky_transition=\u00a0\u00bbon\u00a0\u00bb]<\/p>\n<h3><span style=\"color: #0b1437; font-size: 40px; text-indent: 40px;\">AFFAIRE DE CONNEXION ID\u00c9E ET PERSONNES<\/span><\/h3>\n<p>&nbsp;<\/p>\n<p>Votre solution intelligente pour faire affaires<\/p>\n<p>[\/et_pb_slide][et_pb_slide heading=\u00a0\u00bb NOUS AVONS CR\u00c9\u00c9 UNE CULTURE\u00a0\u00bb admin_title=\u00a0\u00bbcriando cultura\u00a0\u00bb content_tablet=\u00a0\u00bb<\/p>\n<h3><span style=%22color: #0b1437; font-size: 40px; text-indent: 40px;%22>QUE NOS INSPIRA A TRABALHAR<\/span><\/h3>\n<\/p>\n<p>Conectando neg\u00f3cios, ideias e pessoas<\/p>\n<p>\u00a0\u00bb content_phone=\u00a0\u00bb<\/p>\n<h3><span style=%22color: #0b1437; font-size: 30px; line-height: 1em;%22>THAT INSPIRES US TO WORK<\/span><\/h3>\n<p>Connecting businesses, ideas and people<\/p>\n<p>\u00a0\u00bb content_last_edited=\u00a0\u00bbon|desktop\u00a0\u00bb _builder_version=\u00a0\u00bb4.21.0&Prime; _module_preset=\u00a0\u00bbdefault\u00a0\u00bb header_level=\u00a0\u00bbh3&Prime; header_font=\u00a0\u00bb|300||on|||||\u00a0\u00bb header_font_size=\u00a0\u00bb30px\u00a0\u00bb header_line_height=\u00a0\u00bb1.2em\u00a0\u00bb background_enable_color=\u00a0\u00bboff\u00a0\u00bb background_image=\u00a0\u00bbhttps:\/\/saphirabusiness.com\/wp-content\/uploads\/2023\/05\/cultura.jpg\u00a0\u00bb background_enable_image=\u00a0\u00bbon\u00a0\u00bb header_font_size_tablet=\u00a0\u00bb30px\u00a0\u00bb header_font_size_phone=\u00a0\u00bb24px\u00a0\u00bb header_font_size_last_edited=\u00a0\u00bbon|phone\u00a0\u00bb global_colors_info=\u00a0\u00bb{}\u00a0\u00bb sticky_transition=\u00a0\u00bbon\u00a0\u00bb]<\/p>\n<h3><span style=\"color: #0b1437; font-size: 40px; text-indent: 40px;\">QUE NOUS INSPIRE \u00c0 TRAVAILLER<\/span><\/h3>\n<p>&nbsp;<\/p>\n<p>[\/et_pb_slide][\/et_pb_fullwidth_slider][\/et_pb_section][et_pb_section fb_built=\u00a0\u00bb1&Prime; _builder_version=\u00a0\u00bb4.21.0&Prime; _module_preset=\u00a0\u00bbdefault\u00a0\u00bb global_colors_info=\u00a0\u00bb{}\u00a0\u00bb][et_pb_row column_structure=\u00a0\u00bb2_5,3_5&Prime; _builder_version=\u00a0\u00bb4.21.0&Prime; _module_preset=\u00a0\u00bbdefault\u00a0\u00bb global_colors_info=\u00a0\u00bb{}\u00a0\u00bb][et_pb_column type=\u00a0\u00bb2_5&Prime; _builder_version=\u00a0\u00bb4.21.0&Prime; _module_preset=\u00a0\u00bbdefault\u00a0\u00bb global_colors_info=\u00a0\u00bb{}\u00a0\u00bb][et_pb_code _builder_version=\u00a0\u00bb4.21.0&Prime; _module_preset=\u00a0\u00bbdefault\u00a0\u00bb hover_enabled=\u00a0\u00bb0&Prime; sticky_enabled=\u00a0\u00bb0&Prime;]<iframe loading=\"lazy\" width=\"560\" height=\"315\" src=\"https:\/\/www.youtube.com\/embed\/Cj8JNd9hr84?si=hPG29-SxB9GlnUpX\" title=\"YouTube video player\" frameborder=\"0\" allow=\"accelerometer; autoplay; clipboard-write; encrypted-media; gyroscope; picture-in-picture; web-share\" allowfullscreen><\/iframe>[\/et_pb_code][\/et_pb_column][et_pb_column type=\u00a0\u00bb3_5&Prime; _builder_version=\u00a0\u00bb4.21.0&Prime; _module_preset=\u00a0\u00bbdefault\u00a0\u00bb global_colors_info=\u00a0\u00bb{}\u00a0\u00bb][et_pb_text _builder_version=\u00a0\u00bb4.21.0&Prime; _module_preset=\u00a0\u00bbdefault\u00a0\u00bb text_orientation_tablet=\u00a0\u00bb\u00a0\u00bb text_orientation_phone=\u00a0\u00bbjustified\u00a0\u00bb text_orientation_last_edited=\u00a0\u00bbon|phone\u00a0\u00bb global_colors_info=\u00a0\u00bb{}\u00a0\u00bb]<\/p>\n<h2>Qui sommes-nous<\/h2>\n<p>Saphira et un groupe international en format boutique avec un haut niveau de confidentialit\u00e9 cibl\u00e9 en investissement dans le processus de structuration d&rsquo;affaire et M&amp;A .<br \/>Un cabinet-conseil sp\u00e9cialis\u00e9 avec des professionnels poss\u00e9dants une large expertise, \u00e0 faire le pont de liaison qui raccourcit la distance entre les investisseurs, les opportunit\u00e9s et les affaires.<br \/>Pour la gestion de votre patrimoine Saphira accueille de fa\u00e7on personnalis\u00e9e et \u00e9troite ses clients qui souhaitent prot\u00e9ger ses actifs avec intelligence et structure. Au Br\u00e9sil ou \u00e0 l&rsquo;\u00e9tranger, pour aujourd&rsquo;hui ou pour les g\u00e9n\u00e9rations futures.<\/p>\n<p>[\/et_pb_text][\/et_pb_column][\/et_pb_row][\/et_pb_section]<\/p>\n","protected":false},"excerpt":{"rendered":"<p>AFFAIRE DE CONNEXION ID\u00c9E ET PERSONNES &nbsp; Votre solution intelligente pour faire affairesQUE NOUS INSPIRE \u00c0 TRAVAILLER &nbsp;Qui sommes-nous Saphira et un groupe international en format boutique avec un haut niveau de confidentialit\u00e9 cibl\u00e9 en investissement dans le processus de structuration d&rsquo;affaire et M&amp;A .Un cabinet-conseil sp\u00e9cialis\u00e9 avec des professionnels poss\u00e9dants une large expertise, \u00e0 [&hellip;]<\/p>\n","protected":false},"author":2,"featured_media":1874,"parent":0,"menu_order":0,"comment_status":"closed","ping_status":"closed","template":"","meta":{"_et_pb_use_builder":"on","_et_pb_old_content":"[vc_row full_width=\"stretch_row_content_no_spaces\" ova_container=\"no\"][vc_column][ova_won_slideshow][ova_won_slideshow_item img=\"43\" title=\"connecting businesses\" heading=\"ideas and people\" desc=\"Your smart business solution\"][ova_won_slideshow_item title=\"We create a culture\" heading=\"WHAT INSPIRES US TO WORK\" desc=\"Connecting business, ideas and people\" img=\"715\"][\/ova_won_slideshow][\/vc_column][\/vc_row][vc_row css_animation=\"fadeIn\" css=\".vc_custom_1654968453231{margin-top: 110px !important;}\"][vc_column][ova_won_about class=\"text-justify\" heading_sub_title=\"About Us\" img=\"75\" img_popup=\"75\" desc=\"SAPHIRA is an international group in a boutique format, with a high degree of confidentiality, focused on investments for business structuring and M&A.With vast experience of a senior group of professionals, SAPHIRA manages to unite the ends and shorten the distances among investors, opportunities and businesses.\r\n\r\nIn the property area, SAPHIRA provides a personal and intimate service to clients who want to protect their assets with intelligence and structure, both in Brazil and abroad, whether for the present or for future generations.\" text_top=\"SAPHIRA \u00e9 ua\"][\/vc_column][\/vc_row]","_et_gb_content_width":"","footnotes":""},"class_list":["post-1905","page","type-page","status-publish","has-post-thumbnail","hentry"],"_links":{"self":[{"href":"https:\/\/saphirabusiness.com\/fr\/wp-json\/wp\/v2\/pages\/1905","targetHints":{"allow":["GET"]}}],"collection":[{"href":"https:\/\/saphirabusiness.com\/fr\/wp-json\/wp\/v2\/pages"}],"about":[{"href":"https:\/\/saphirabusiness.com\/fr\/wp-json\/wp\/v2\/types\/page"}],"author":[{"embeddable":true,"href":"https:\/\/saphirabusiness.com\/fr\/wp-json\/wp\/v2\/users\/2"}],"replies":[{"embeddable":true,"href":"https:\/\/saphirabusiness.com\/fr\/wp-json\/wp\/v2\/comments?post=1905"}],"version-history":[{"count":8,"href":"https:\/\/saphirabusiness.com\/fr\/wp-json\/wp\/v2\/pages\/1905\/revisions"}],"predecessor-version":[{"id":2256,"href":"https:\/\/saphirabusiness.com\/fr\/wp-json\/wp\/v2\/pages\/1905\/revisions\/2256"}],"wp:featuredmedia":[{"embeddable":true,"href":"https:\/\/saphirabusiness.com\/fr\/wp-json\/wp\/v2\/media\/1874"}],"wp:attachment":[{"href":"https:\/\/saphirabusiness.com\/fr\/wp-json\/wp\/v2\/media?parent=1905"}],"curies":[{"name":"wp","href":"https:\/\/api.w.org\/{rel}","templated":true}]}}